{"id":2,"date":"2009-06-27T14:12:26","date_gmt":"2009-06-27T12:12:26","guid":{"rendered":"http:\/\/www.schoen-bloed.at\/blog\/?page_id=2"},"modified":"2014-07-10T14:20:28","modified_gmt":"2014-07-10T13:20:28","slug":"about","status":"publish","type":"page","link":"https:\/\/www.schoen-bloed.at\/blog\/about\/","title":{"rendered":"\u00dcber diesen Blog"},"content":{"rendered":"<p>Dieser Blog dient mir meine pers\u00f6nlichen Erfahrungen und Gedanken in die Welt zutragen und mit anderen Menschen zu diskutieren.<\/p>\n<h3>Wer bin ich?<\/h3>\n<p>Mein Name ist Harald Leithner und wohne in \u00d6sterreich. Au\u00dferdem bin ich Selbst\u00e4ndig, in diesem Rahmen besch\u00e4ftige ich mich mit Webprogrammierung und Webhosting. Au\u00dferdem sind meine Interessensfelder weit gestreut mit einem Hauptaugenmerk auf IT und darum soll es auch in diesem Blog gehen.<\/p>\n","protected":false},"excerpt":{"rendered":"<p>Dieser Blog dient mir meine pers\u00f6nlichen Erfahrungen und Gedanken in die Welt zutragen und mit anderen Menschen zu diskutieren. Wer bin ich? Mein Name ist Harald Leithner und wohne in \u00d6sterreich. Au\u00dferdem bin ich Selbst\u00e4ndig, in diesem Rahmen besch\u00e4ftige ich mich mit Webprogrammierung und Webhosting. Au\u00dferdem sind meine Interessensfelder weit gestreut mit einem Hauptaugenmerk auf [&hellip;]<\/p>\n","protected":false},"author":2,"featured_media":0,"parent":0,"menu_order":0,"comment_status":"closed","ping_status":"closed","template":"","meta":{"footnotes":""},"_links":{"self":[{"href":"https:\/\/www.schoen-bloed.at\/blog\/wp-json\/wp\/v2\/pages\/2"}],"collection":[{"href":"https:\/\/www.schoen-bloed.at\/blog\/wp-json\/wp\/v2\/pages"}],"about":[{"href":"https:\/\/www.schoen-bloed.at\/blog\/wp-json\/wp\/v2\/types\/page"}],"author":[{"embeddable":true,"href":"https:\/\/www.schoen-bloed.at\/blog\/wp-json\/wp\/v2\/users\/2"}],"replies":[{"embeddable":true,"href":"https:\/\/www.schoen-bloed.at\/blog\/wp-json\/wp\/v2\/comments?post=2"}],"version-history":[{"count":5,"href":"https:\/\/www.schoen-bloed.at\/blog\/wp-json\/wp\/v2\/pages\/2\/revisions"}],"predecessor-version":[{"id":30,"href":"https:\/\/www.schoen-bloed.at\/blog\/wp-json\/wp\/v2\/pages\/2\/revisions\/30"}],"wp:attachment":[{"href":"https:\/\/www.schoen-bloed.at\/blog\/wp-json\/wp\/v2\/media?parent=2"}],"curies":[{"name":"wp","href":"https:\/\/api.w.org\/{rel}","templated":true}]}}